{"id":766,"date":"2025-11-25T15:33:07","date_gmt":"2025-11-25T20:33:07","guid":{"rendered":"https:\/\/www.105ciudadheroica.com\/?page_id=766"},"modified":"2025-12-17T15:05:26","modified_gmt":"2025-12-17T20:05:26","slug":"grupos","status":"publish","type":"page","link":"https:\/\/www.105ciudadheroica.com\/en\/grupos\/","title":{"rendered":"Groups"},"content":{"rendered":"<div data-elementor-type=\"wp-page\" data-elementor-id=\"766\" class=\"elementor elementor-766\" data-elementor-post-type=\"page\">\n\t\t\t\t<div class=\"elementor-element elementor-element-7117cda e-flex e-con-boxed e-con e-parent\" data-id=\"7117cda\" data-element_type=\"container\" data-settings=\"{&quot;background_background&quot;:&quot;classic&quot;}\">\n\t\t\t\t\t<div class=\"e-con-inner\">\n\t\t<div class=\"elementor-element elementor-element-a40e6fe e-con-full e-flex e-con e-child\" data-id=\"a40e6fe\" data-element_type=\"container\">\n\t\t\t\t<div class=\"elementor-element elementor-element-9f4fc29 elementor-widget elementor-widget-heading\" data-id=\"9f4fc29\" data-element_type=\"widget\" data-widget_type=\"heading.default\">\n\t\t\t\t\t<h2 class=\"elementor-heading-title elementor-size-default\">Groups<\/h2>\t\t\t\t<\/div>\n\t\t\t\t<div class=\"elementor-element elementor-element-f6c2fb9 elementor-widget elementor-widget-button\" data-id=\"f6c2fb9\" data-element_type=\"widget\" id=\"buybutton\" data-widget_type=\"button.default\">\n\t\t\t\t\t\t\t\t\t\t<a class=\"elementor-button elementor-button-link elementor-size-sm\" href=\"\/en\/reservas\/\">\n\t\t\t\t\t\t<span class=\"elementor-button-content-wrapper\">\n\t\t\t\t\t\t<span class=\"elementor-button-icon\">\n\t\t\t\t<svg aria-hidden=\"true\" class=\"e-font-icon-svg e-fas-arrow-right\" viewbox=\"0 0 448 512\" xmlns=\"http:\/\/www.w3.org\/2000\/svg\"><path d=\"M190.5 66.9l22.2-22.2c9.4-9.4 24.6-9.4 33.9 0L441 239c9.4 9.4 9.4 24.6 0 33.9L246.6 467.3c-9.4 9.4-24.6 9.4-33.9 0l-22.2-22.2c-9.5-9.5-9.3-25 .4-34.3L311.4 296H24c-13.3 0-24-10.7-24-24v-32c0-13.3 10.7-24 24-24h287.4L190.9 101.2c-9.8-9.3-10-24.8-.4-34.3z\"><\/path><\/svg>\t\t\t<\/span>\n\t\t\t\t\t\t\t\t\t<span class=\"elementor-button-text\">BUY TICKETS<\/span>\n\t\t\t\t\t<\/span>\n\t\t\t\t\t<\/a>\n\t\t\t\t\t\t\t\t<\/div>\n\t\t\t\t<div class=\"elementor-element elementor-element-2991706 elementor-fixed elementor-widget elementor-widget-button\" data-id=\"2991706\" data-element_type=\"widget\" id=\"floatingbutton\" data-settings=\"{&quot;_position&quot;:&quot;fixed&quot;,&quot;sticky&quot;:&quot;bottom&quot;,&quot;sticky_offset&quot;:50,&quot;sticky_parent&quot;:&quot;yes&quot;,&quot;sticky_on&quot;:[&quot;desktop&quot;,&quot;tablet&quot;,&quot;mobile&quot;],&quot;sticky_effects_offset&quot;:0,&quot;sticky_anchor_link_offset&quot;:0}\" data-widget_type=\"button.default\">\n\t\t\t\t\t\t\t\t\t\t<a class=\"elementor-button elementor-button-link elementor-size-sm\" href=\"\/en\/reservas\/\">\n\t\t\t\t\t\t<span class=\"elementor-button-content-wrapper\">\n\t\t\t\t\t\t<span class=\"elementor-button-icon\">\n\t\t\t\t<svg aria-hidden=\"true\" class=\"e-font-icon-svg e-fas-arrow-right\" viewbox=\"0 0 448 512\" xmlns=\"http:\/\/www.w3.org\/2000\/svg\"><path d=\"M190.5 66.9l22.2-22.2c9.4-9.4 24.6-9.4 33.9 0L441 239c9.4 9.4 9.4 24.6 0 33.9L246.6 467.3c-9.4 9.4-24.6 9.4-33.9 0l-22.2-22.2c-9.5-9.5-9.3-25 .4-34.3L311.4 296H24c-13.3 0-24-10.7-24-24v-32c0-13.3 10.7-24 24-24h287.4L190.9 101.2c-9.8-9.3-10-24.8-.4-34.3z\"><\/path><\/svg>\t\t\t<\/span>\n\t\t\t\t\t\t\t\t\t<span class=\"elementor-button-text\">BUY TICKETS<\/span>\n\t\t\t\t\t<\/span>\n\t\t\t\t\t<\/a>\n\t\t\t\t\t\t\t\t<\/div>\n\t\t\t\t<div class=\"elementor-element elementor-element-357f516 elementor-widget elementor-widget-html\" data-id=\"357f516\" data-element_type=\"widget\" data-widget_type=\"html.default\">\n\t\t\t\t\t<script>\njQuery(document).ready(function($) {\n  const $triggerElement = $('#buybutton');\n  const $bottomElement = $('#floatingbutton');\n\n  \/\/ Create observer\n  const observer = new IntersectionObserver(\n    (entries) => {\n      entries.forEach((entry) => {\n        if (!entry.isIntersecting) {\n          \/\/ Element has left the viewport - show bottom element\n          $bottomElement.addClass('visible');\n        } else {\n          \/\/ Element is back in viewport - hide bottom element\n          $bottomElement.removeClass('visible');\n        }\n      });\n    },\n    {\n      threshold: 0,\n      rootMargin: '0px'\n    }\n  );\n\n  \/\/ Start observing\n  observer.observe($triggerElement[0]);\n});\n\n<\/script>\n<style>\n    #floatingbutton {\n  position: fixed;\n  bottom: 50px;\n  left: 50%;\n  transform: translateX(-50%);\n  opacity: 0;\n  visibility: hidden;\n  transition: opacity 0.3s ease, visibility 0.3s ease;\n  inset-inline-start: 50% !important;\n}\n\n#floatingbutton.visible {\n  opacity: 1;\n  visibility: visible;\n}\n<\/style>\t\t\t\t<\/div>\n\t\t\t\t<\/div>\n\t\t<div class=\"elementor-element elementor-element-34772eb e-con-full elementor-hidden-mobile e-flex e-con e-child\" data-id=\"34772eb\" data-element_type=\"container\">\n\t\t\t\t<div class=\"elementor-element elementor-element-e384a44 elementor-hidden-mobile elementor-widget elementor-widget-image\" data-id=\"e384a44\" data-element_type=\"widget\" data-widget_type=\"image.default\">\n\t\t\t\t\t\t\t\t\t\t\t\t\t\t\t<img fetchpriority=\"high\" decoding=\"async\" width=\"800\" height=\"409\" src=\"https:\/\/www.105ciudadheroica.com\/wp-content\/uploads\/2025\/11\/105.png\" class=\"attachment-large size-large wp-image-670\" alt=\"\" srcset=\"https:\/\/www.105ciudadheroica.com\/wp-content\/uploads\/2025\/11\/105.png 868w, https:\/\/www.105ciudadheroica.com\/wp-content\/uploads\/2025\/11\/105-300x153.png 300w, https:\/\/www.105ciudadheroica.com\/wp-content\/uploads\/2025\/11\/105-768x393.png 768w, https:\/\/www.105ciudadheroica.com\/wp-content\/uploads\/2025\/11\/105-600x307.png 600w\" sizes=\"(max-width: 800px) 100vw, 800px\" \/>\t\t\t\t\t\t\t\t\t\t\t\t\t\t\t<\/div>\n\t\t\t\t<\/div>\n\t\t\t\t\t<\/div>\n\t\t\t\t<\/div>\n\t\t<div class=\"elementor-element elementor-element-677d9ec e-flex e-con-boxed e-con e-parent\" data-id=\"677d9ec\" data-element_type=\"container\">\n\t\t\t\t\t<div class=\"e-con-inner\">\n\t\t<div class=\"elementor-element elementor-element-2bc670d e-con-full e-flex e-con e-child\" data-id=\"2bc670d\" data-element_type=\"container\">\n\t\t\t\t<div class=\"elementor-element elementor-element-ab62048 elementor-widget elementor-widget-text-editor\" data-id=\"ab62048\" data-element_type=\"widget\" data-widget_type=\"text-editor.default\">\n\t\t\t\t\t\t\t\t\t<p>For corporate or family groups of <strong>30 people or more<\/strong>, we offer<strong> preferential rates<\/strong> and exclusive benefits.<br \/>You may also reserve <strong>private performances<\/strong> on dates outside the regular schedule.<br \/><br \/>Contact us for more details.<\/p>\t\t\t\t\t\t\t\t<\/div>\n\t\t\t\t<\/div>\n\t\t<div class=\"elementor-element elementor-element-e600b45 e-con-full e-flex e-con e-child\" data-id=\"e600b45\" data-element_type=\"container\">\n\t\t\t\t<div class=\"elementor-element elementor-element-2fd1c74 elementor-button-align-end elementor-widget__width-initial elementor-widget elementor-widget-form\" data-id=\"2fd1c74\" data-element_type=\"widget\" data-settings=\"{&quot;step_next_label&quot;:&quot;Next&quot;,&quot;step_previous_label&quot;:&quot;Previous&quot;,&quot;button_width&quot;:&quot;100&quot;,&quot;step_type&quot;:&quot;number_text&quot;,&quot;step_icon_shape&quot;:&quot;circle&quot;}\" data-widget_type=\"form.default\">\n\t\t\t\t\t\t\t<form class=\"elementor-form\" method=\"post\" name=\"Grupos\" aria-label=\"Groups\" action=\"\">\n\t\t\t<input type=\"hidden\" name=\"post_id\" value=\"766\"\/>\n\t\t\t<input type=\"hidden\" name=\"form_id\" value=\"2fd1c74\"\/>\n\t\t\t<input type=\"hidden\" name=\"referer_title\" value=\"Grupos\" \/>\n\n\t\t\t\t\t\t\t<input type=\"hidden\" name=\"queried_id\" value=\"766\"\/>\n\t\t\t\n\t\t\t<div class=\"elementor-form-fields-wrapper elementor-labels-\">\n\t\t\t\t\t\t\t\t<div class=\"elementor-field-type-text elementor-field-group elementor-column elementor-field-group-name elementor-col-100 elementor-field-required\">\n\t\t\t\t\t\t\t\t\t\t\t\t<label for=\"form-field-name\" class=\"elementor-field-label elementor-screen-only\">\n\t\t\t\t\t\t\t\tName\t\t\t\t\t\t\t<\/label>\n\t\t\t\t\t\t\t\t\t\t\t\t\t\t<input size=\"1\" type=\"text\" name=\"form_fields[name]\" id=\"form-field-name\" class=\"elementor-field elementor-size-sm  elementor-field-textual\" placeholder=\"Name*\" required=\"required\">\n\t\t\t\t\t\t\t\t\t\t\t<\/div>\n\t\t\t\t\t\t\t\t<div class=\"elementor-field-type-email elementor-field-group elementor-column elementor-field-group-email elementor-col-100 elementor-field-required\">\n\t\t\t\t\t\t\t\t\t\t\t\t<label for=\"form-field-email\" class=\"elementor-field-label elementor-screen-only\">\n\t\t\t\t\t\t\t\tEmail\t\t\t\t\t\t\t<\/label>\n\t\t\t\t\t\t\t\t\t\t\t\t\t\t<input size=\"1\" type=\"email\" name=\"form_fields[email]\" id=\"form-field-email\" class=\"elementor-field elementor-size-sm  elementor-field-textual\" placeholder=\"Email*\" required=\"required\">\n\t\t\t\t\t\t\t\t\t\t\t<\/div>\n\t\t\t\t\t\t\t\t<div class=\"elementor-field-type-tel elementor-field-group elementor-column elementor-field-group-field_5472fa0 elementor-col-50\">\n\t\t\t\t\t\t\t\t\t\t\t\t<label for=\"form-field-field_5472fa0\" class=\"elementor-field-label elementor-screen-only\">\n\t\t\t\t\t\t\t\tCellphone\t\t\t\t\t\t\t<\/label>\n\t\t\t\t\t\t\t\t<input size=\"1\" type=\"tel\" name=\"form_fields[field_5472fa0]\" id=\"form-field-field_5472fa0\" class=\"elementor-field elementor-size-sm  elementor-field-textual\" placeholder=\"Cellphone\" pattern=\"[0-9()#&amp;+*-=.]+\" title=\"S\u00f3lo se aceptan n\u00fameros y caracteres telef\u00f3nicos (#, -, *, etc.).\">\n\n\t\t\t\t\t\t<\/div>\n\t\t\t\t\t\t\t\t<div class=\"elementor-field-type-text elementor-field-group elementor-column elementor-field-group-field_ed903ed elementor-col-50\">\n\t\t\t\t\t\t\t\t\t\t\t\t<label for=\"form-field-field_ed903ed\" class=\"elementor-field-label elementor-screen-only\">\n\t\t\t\t\t\t\t\tCompany\t\t\t\t\t\t\t<\/label>\n\t\t\t\t\t\t\t\t\t\t\t\t\t\t<input size=\"1\" type=\"text\" name=\"form_fields[field_ed903ed]\" id=\"form-field-field_ed903ed\" class=\"elementor-field elementor-size-sm  elementor-field-textual\" placeholder=\"Company\">\n\t\t\t\t\t\t\t\t\t\t\t<\/div>\n\t\t\t\t\t\t\t\t<div class=\"elementor-field-type-textarea elementor-field-group elementor-column elementor-field-group-message elementor-col-100\">\n\t\t\t\t\t\t\t\t\t\t\t\t<label for=\"form-field-message\" class=\"elementor-field-label elementor-screen-only\">\n\t\t\t\t\t\t\t\tMessage\t\t\t\t\t\t\t<\/label>\n\t\t\t\t\t\t<textarea class=\"elementor-field-textual elementor-field  elementor-size-sm\" name=\"form_fields[message]\" id=\"form-field-message\" rows=\"4\" placeholder=\"Message*\"><\/textarea>\t\t\t\t<\/div>\n\t\t\t\t\t\t\t\t<div class=\"elementor-field-type-text\">\n\t\t\t\t\t<input size=\"1\" type=\"text\" name=\"form_fields[field_ddb9a6d]\" id=\"form-field-field_ddb9a6d\" class=\"elementor-field elementor-size-sm\" style=\"display:none !important;\">\t\t\t\t<\/div>\n\t\t\t\t\t\t\t\t<div class=\"elementor-field-group elementor-column elementor-field-type-submit elementor-col-100 e-form__buttons\">\n\t\t\t\t\t<button class=\"elementor-button elementor-size-sm\" type=\"submit\">\n\t\t\t\t\t\t<span class=\"elementor-button-content-wrapper\">\n\t\t\t\t\t\t\t\t\t\t\t\t\t\t\t\t\t\t\t\t\t\t<span class=\"elementor-button-text\">SEND<\/span>\n\t\t\t\t\t\t\t\t\t\t\t\t\t<\/span>\n\t\t\t\t\t<\/button>\n\t\t\t\t<\/div>\n\t\t\t<\/div>\n\t\t<input type=\"hidden\" name=\"trp-form-language\" value=\"en\"\/><\/form>\n\t\t\t\t\t\t<\/div>\n\t\t\t\t<\/div>\n\t\t\t\t\t<\/div>\n\t\t\t\t<\/div>\n\t\t\t\t<\/div>","protected":false},"excerpt":{"rendered":"<p>Grupos COMPRAR ENTRADAS COMPRAR ENTRADAS Para grupos empresariales o familiares de 30 personas o m\u00e1s, ofrecemos tarifas preferenciales y beneficios exclusivos.Tambi\u00e9n puedes reservar funciones privadas del espect\u00e1culo en una fecha diferente a la programaci\u00f3n regular. Cont\u00e1ctanos para m\u00e1s detalles.<\/p>","protected":false},"author":1,"featured_media":0,"parent":0,"menu_order":0,"comment_status":"closed","ping_status":"closed","template":"","meta":{"_acf_changed":false,"footnotes":""},"class_list":["post-766","page","type-page","status-publish","hentry"],"acf":[],"_links":{"self":[{"href":"https:\/\/www.105ciudadheroica.com\/en\/wp-json\/wp\/v2\/pages\/766","targetHints":{"allow":["GET"]}}],"collection":[{"href":"https:\/\/www.105ciudadheroica.com\/en\/wp-json\/wp\/v2\/pages"}],"about":[{"href":"https:\/\/www.105ciudadheroica.com\/en\/wp-json\/wp\/v2\/types\/page"}],"author":[{"embeddable":true,"href":"https:\/\/www.105ciudadheroica.com\/en\/wp-json\/wp\/v2\/users\/1"}],"replies":[{"embeddable":true,"href":"https:\/\/www.105ciudadheroica.com\/en\/wp-json\/wp\/v2\/comments?post=766"}],"version-history":[{"count":10,"href":"https:\/\/www.105ciudadheroica.com\/en\/wp-json\/wp\/v2\/pages\/766\/revisions"}],"predecessor-version":[{"id":1853,"href":"https:\/\/www.105ciudadheroica.com\/en\/wp-json\/wp\/v2\/pages\/766\/revisions\/1853"}],"wp:attachment":[{"href":"https:\/\/www.105ciudadheroica.com\/en\/wp-json\/wp\/v2\/media?parent=766"}],"curies":[{"name":"wp","href":"https:\/\/api.w.org\/{rel}","templated":true}]}}